{"id":1599,"date":"2022-08-03T01:01:07","date_gmt":"2022-08-02T23:01:07","guid":{"rendered":"http:\/\/prestigevillas-florida.d4dcloud.com\/terms\/"},"modified":"2022-09-09T16:38:47","modified_gmt":"2022-09-09T14:38:47","slug":"terms","status":"publish","type":"page","link":"https:\/\/prestigevillas-florida.com\/de\/terms\/","title":{"rendered":"Terms"},"content":{"rendered":"\t\t<div data-elementor-type=\"wp-page\" data-elementor-id=\"1599\" class=\"elementor elementor-1599 elementor-1265\" data-elementor-post-type=\"page\">\n\t\t\t\t\t\t<section class=\"elementor-section elementor-top-section elementor-element elementor-element-06e0a1b elementor-section-boxed elementor-section-height-default elementor-section-height-default\" data-id=\"06e0a1b\" data-element_type=\"section\" data-e-type=\"section\">\n\t\t\t\t\t\t<div class=\"elementor-container elementor-column-gap-default\">\n\t\t\t\t\t<div class=\"elementor-column elementor-col-100 elementor-top-column elementor-element elementor-element-a373a71\" data-id=\"a373a71\" data-element_type=\"column\" data-e-type=\"column\">\n\t\t\t<div class=\"elementor-widget-wrap elementor-element-populated\">\n\t\t\t\t\t\t<div class=\"elementor-element elementor-element-0863355 elementor-widget elementor-widget-heading\" data-id=\"0863355\" data-element_type=\"widget\" data-e-type=\"widget\" data-widget_type=\"heading.default\">\n\t\t\t\t<div class=\"elementor-widget-container\">\n\t\t\t\t\t<h2 class=\"elementor-heading-title elementor-size-default\"><br>Allgemeine Gesch\u00e4ftsbedingungen<\/h2>\t\t\t\t<\/div>\n\t\t\t\t<\/div>\n\t\t\t\t<div class=\"elementor-element elementor-element-3323408 elementor-widget elementor-widget-heading\" data-id=\"3323408\" data-element_type=\"widget\" data-e-type=\"widget\" data-widget_type=\"heading.default\">\n\t\t\t\t<div class=\"elementor-widget-container\">\n\t\t\t\t\t<h2 class=\"elementor-heading-title elementor-size-default\">Terms &amp; Conditions<\/h2>\t\t\t\t<\/div>\n\t\t\t\t<\/div>\n\t\t\t\t<div class=\"elementor-element elementor-element-5b0c062 elementor-widget elementor-widget-text-editor\" data-id=\"5b0c062\" data-element_type=\"widget\" data-e-type=\"widget\" data-widget_type=\"text-editor.default\">\n\t\t\t\t<div class=\"elementor-widget-container\">\n\t\t\t\t\t\t\t\t\t<p style=\"text-align: left;\"><strong style=\"color: var( --e-global-color-825b691 );\">ALLGEMEINES<\/strong><\/p><p>Prestige Villas Florida ist eine Vermittlungsagentur, die auf Vermietung von Privatvillen spezialisiert ist. Wir sind bestrebt, Dienstleistungen von h\u00f6chstm\u00f6glicher Qualit\u00e4t sicherzustellen und unseren G\u00e4sten den besten Service zu bieten.<\/p><p>Bitte lesen Sie die nachfolgenden Allgemeinen Gesch\u00e4ftsbedingungen sorgf\u00e4ltig durch. Mit der Buchung der ausgew\u00e4hlten Villa, stimmen Sie bedingungslos diesen Allgemeinen Gesch\u00e4ftsbedingungen zu, die auf der Webseite von Prestige Villas Florida ver\u00f6ffentlicht sind.<\/p><p><strong>1. AN- UND ABREISE<\/strong><\/p><p>Der fr\u00fcheste Check-In ist um 16.00 Uhr am Tag der Anreise. Der sp\u00e4teste Check-Out ist um 10.00 Uhr am Tag der Abreise. Eine fr\u00fchere Anreise und sp\u00e4tere Abreise werden nicht m\u00f6glich sein.<\/p><p>Der exakte R\u00fcckgabezeitpunkt ist vom Gast sp\u00e4testens 3 Tage vor dem Abreisetag mit der Hausverwaltung vor Ort zu vereinbaren.<\/p><p><strong>2. VILLA<\/strong><\/p><p><strong>2.1 Nutzungsbeschr\u00e4nkung \/ G\u00e4stezahl<\/strong><\/p><p>Zu keiner gegebenen Zeit d\u00fcrfen sich in der Villa mehr Personen befinden als auf der Buchungsbest\u00e4tigung angegeben. Die G\u00e4steanzahl kann bis zur auf der Webseite der Villa angef\u00fchrten H\u00f6chstkapazit\u00e4t erh\u00f6ht werden, bei einer Ank\u00fcndigung sp\u00e4testens 3 Tage vor Anreise. Die maximale G\u00e4stezahl bezieht sich auch auf Kinder, ungeachtet vom Alter.<\/p><p>Sollten sich in der Villa mehr G\u00e4ste befinden als angemeldet, behalten sich Prestige Villas Florida das Recht vor, den Mietvertrag fristlos mit sofortiger Wirkung zu k\u00fcndigen. Daraufhin werden die G\u00e4ste die Villa binnen 3 Stunden endg\u00fcltig verlassen. Eine R\u00fcckerstattung f\u00fcr den ungenutzten Zeitraum der Mietdauer wird nicht m\u00f6glich sein.<\/p><p><strong>2.2 Unterkunft<\/strong><\/p><p>Der Eigent\u00fcmer (Vermieter) gew\u00e4hrleistet, dass das Mietobjekt zum vereinbarten Mietbeginn f\u00fcr die vereinbarte Mietzeit frei und grunds\u00e4tzlich bewohnbar ist.\u00a0<\/p><p>Die Vertragsparteien sind sich dar\u00fcber einig, dass das Mietobjekt durch zahlreiche verschiedene Personen genutzt wird und daher einer normalen Abnutzung unterliegen kann. Kleine und geringf\u00fcgige M\u00e4ngel, die den vertragsgem\u00e4ssen Gebrauch des Mietobjekts nur unwesentlich beeintr\u00e4chtigen (z.B. geringe Unsauberkeiten, fehlende Teile von Ausr\u00fcstungen, gelegentliche Stromausf\u00e4lle, der Ausfall technischer Ger\u00e4te etc.) berechtigen den Gast nicht zur Mietpreisminderung oder zu Schadenersatz.\u00a0<\/p><p><strong>2.3 Reinigung und Instandhaltung<\/strong><\/p><p>W\u00e4hrend der Mietzeit obliegt die regelm\u00e4ssige Reinigung des Mietobjekts dem Mieter. Der Pool wird w\u00f6chentlich vom Poolservice \u00fcberpr\u00fcft und gereinigt. Die Villa ist bei der Abgabe in besenreinem Zustand zur\u00fcckzugeben. Anfallender M\u00fcll ist in Plastiks\u00e4cken in den daf\u00fcr vorgesehenen Tonnen zu deponieren.<\/p><p>Verursacht der Mieter einen Schaden, ist dieser unverz\u00fcglich der Hausverwaltung vor Ort zu melden.<\/p><p><strong>2.4 Haustiere<\/strong><\/p><p>Ob der Besuch mit Haustieren zugelassen ist und unter welchen Bedingungen, wird auf der Webseite von jeder einzelnen Villa angemerkt sein. F\u00fcr Haustiere ist der Zutritt zum Swimmingpool strengstens untersagt. Der Aufschlag f\u00fcr zus\u00e4tzliche Reinigungskosten f\u00fcr Haustiere wird automatisch zum Mietpreis addiert. Die Anzahl von Haustieren in der Villa darf die angemeldete und auf der Best\u00e4tigung aufgef\u00fchrte Anzahl nicht \u00fcberschreiten.<\/p><p>F\u00fcr den Fall, dass der Gast ein nicht angek\u00fcndigtes Haustier mitbringt, behalten sich Prestige Villas Florida das Recht vor, den Mietvertrag fristlos mit sofortiger Wirkung zu k\u00fcndigen. Daraufhin wird der Gast gemeinsam mit allen dort untergebrachten Personen die Villa binnen 3 Stunden verlassen und ihm wird kein Anspruch auf R\u00fcckerstattung des bezahlten Mietbetrags zustehen.\u00a0<\/p><p><strong>3. PREISE UND ZAHLUNGEN<\/strong><\/p><p>Alle Preise sind in Dollar pro Tag angegeben. Die Preise sind exkl. Sales- und Touristtaxen.<\/p><p>Nach erfolgreicher Buchung erh\u00e4lt der Mieter von Prestige Villas eine Buchungsbest\u00e4tigung und eine Rechnung. Bei Auslandszahlungen gehen etwaige Bankgeb\u00fchren\/Spesen zu Lasten der Mieter.\u00a0<\/p><p><strong>3.1 Buchungen 30 Tage oder fr\u00fcher vor Mietbeginn<\/strong><\/p><p><span style=\"color: var( --e-global-color-825b691 );\">Der Gesamtbetrag ist vor Ihrem Urlaub zu begleichen.<\/span><\/p><ul><li>Nach der Buchung ist eine Anzahlung in H\u00f6he von 30% der Gesamtsumme nach Erhalt der Buchungsbest\u00e4tigung\/Rechnung f\u00e4llig.<\/li><li>Die Restzahlung (70%) wird 4 Wochen vor Reisetermin f\u00e4llig.<\/li><\/ul><div>\u00a0<\/div><p><strong>3.2 Buchungen 30 Tage oder weniger vor Mietbeginn<\/strong><\/p><p>Die volle Mietgeb\u00fchr ist sofort zur Zahlung f\u00e4llig.<\/p><p><strong>4. NEBENKOSTEN<\/strong><\/p><p>Die Kosten f\u00fcr Wasser und Kehrichtentsorgung, die w\u00e4hrend der Mietzeit anfallen, sind im Mietpreis inbegriffen. Strom, Gas, Telefonkosten sowie die Kosten einer Endreinigung des Mietobjektes und die Grillreinigung sind nicht im Mietpreis enthalten und zus\u00e4tzlich zu erstatten.<\/p><p>Die Stromkosten entsprechen dem lokalen Tarif zzgl. Steuern.<\/p><p>Der Preis f\u00fcr die Endreinigung variiert in Abh\u00e4ngigkeit von Gr\u00f6sse und Ausstattung des jeweiligen Mietobjektes. Die Nebenkosten werden mit der vom Gast bezahlten Kaution, nach Beendigung der Mietdauer, verrechnet.<\/p><p><strong>5.\u00a0 ANNULATIONSKOSTEN<\/strong><\/p><p><strong>5.1<\/strong>\u00a0Bei R\u00fccktritt des Vertrages durch den Gast, fallen folgende Stornogeb\u00fchren an:<\/p><ul><li>ab Beginn des Mietvertrags 20 % des Rechnungsbetrages<\/li><li>ab dem 90. Tag vor Mietbeginn 50% des Rechnungsbetrages<\/li><li>ab dem 30. Tag vor Mietbeginn 100 % des Rechnungsbetrages<\/li><\/ul><div>\u00a0<\/div><p><strong>5.2\u00a0<\/strong>Wenn nicht vorhersehbare oder abwendbare Umst\u00e4nde vor Anreise des Gastes, das Mietobjekt unverf\u00fcgbar machen, erkl\u00e4rt sich Prestige Villas Florida einverstanden, den vollen, bis zum Tag der Stornierung bezahlten Betrag, zur\u00fcckzuerstatten. Der Gast erkl\u00e4rt sich einverstanden, auf jegliche Anspr\u00fcche gegen\u00fcber Prestige Villas Florida zu verzichten.<\/p><p><strong>5.3<\/strong>\u00a0Wird das Mietobjekt versp\u00e4tet oder nicht \u00fcbernommen, oder bei vorzeitiger Abreise des Gastes, bleibt der gesamte Rechnungsbetrag geschuldet.<\/p><p><strong>6. VORLIEGENDE M\u00c4NGEL UND REKLAMATIONEN<\/strong><\/p><p>Sollte der Gast bei der \u00dcbernahme der Villa mangelhafte Reinigung, Sch\u00e4den und sonstige M\u00e4ngel an der Villa feststellen oder beliebige andere Reklamationen haben, wird er dies unverz\u00fcglich, jedenfalls aber binnen 24 Stunden, beanstanden. Reklamationen wegen mangelhafter Reinigung sind sofort anzuzeigen. Die Reklamation ist direkt der Hausverwaltung vor Ort zu melden.<\/p><p>Der Gast ist verpflichtet, nach seinen M\u00f6glichkeiten das Auftreten von Sch\u00e4den abzuwenden bzw. einzuschr\u00e4nken und dazu beizutragen, dass jede Art von Verlusten f\u00fcr den Eigent\u00fcmer so gering wie m\u00f6glich bleibt.<\/p><p>Bei jeder Art von Reklamationen wird der Gast dem Eigent\u00fcmer eine angemessene Frist zur M\u00e4ngelbeseitigung setzen.<\/p><p><strong>7. VERSICHERUNGEN<\/strong><\/p><p>Wir empfehlen unseren G\u00e4sten, vor Reiseantritt eine Reiser\u00fccktrittsversicherung sowie eine Haftpflichtversicherung abzuschliessen, sofern Sie entsprechende Versicherungen nicht bereits in gen\u00fcgendem Deckungsumfang abgeschlossen haben.<\/p><p><strong>8. PRESTIGE VILLAS FLORIDA ALS VERMITTLER<\/strong><\/p><p>Prestige Villas Florida handelt als Vermittler, welcher bei der Vermietung von Villen auf Grundlage von mit Villaeigent\u00fcmern abgeschlossenen Vermittlungsvertr\u00e4gen f\u00fcr Unterkunftsdienstleistungen auftritt. Prestige Villas Florida kann ausschliesslich in diesem Sinne zur Verantwortung gezogen werden. Vertragliche Beziehungen werden zwischen dem Mieter und dem jeweiligen Eigent\u00fcmer des Mietobjekts abgeschlossen. Die Parteien sind dar\u00fcber einig, dass Gegenstand des Vertrages die Vermietung einer Ferienimmobilie (Mietobjekt) f\u00fcr einen begrenzten Zeitraum (Mietzeit) zu diesen Mietbedingungen ist.\u00a0<\/p><p><strong>9. HAFTUNG VON PRESTIGE VILLAS FLORIDA<\/strong><\/p><p>Die Haftung des Vermieters f\u00fcr Sach- und Verm\u00f6genssch\u00e4den, die nicht auf Vorsatz oder grobe Fahrl\u00e4ssigkeit zur\u00fcckzuf\u00fchren ist, ist auf das Recht des Mieters zur Minderung der Miete beschr\u00e4nkt und der H\u00f6he nach durch den vereinbarten Mietpreis begrenzt. Die Geltendmachung von Folgesch\u00e4den ist ausgeschlossen.\u00a0<\/p><p>Die Haftung von Prestige Villas Florida ist insbesondere bei folgenden Ursachen ausgeschlossen:<\/p><ul><li>Sollte die Vertragserf\u00fcllung nicht erf\u00fcllt oder wesentlich erschwert sein infolge Ereignisse oder h\u00f6here Gewalt (z.B. Naturkatastrophen wie Hurrikan, Umweltkatastrophen, Epidemie, Grenzschliessung etc.), beh\u00f6rdliche Anordnung oder Auflagen<\/li><li>Sch\u00e4den und Verluste infolge von Einbruch und Diebstahl<\/li><li>Ereignisse, welche Prestige Villas Florida trotz aller Sorgfalt nicht vorhersehen oder abwehren konnte, wie nicht vom Mietobjekt des Vermieters ausgehende Bel\u00e4stigungen durch Bauarbeiten in der Nachbarschaft (L\u00e4rmemissionen), Ungezieferplage, etc.<\/li><li>Die Ben\u00fctzung von Swimmingpools ist auf eigene Gefahr. F\u00fcr Unf\u00e4lle oder Verletzungen wird nicht gehaftet.<\/li><\/ul><div>\u00a0<\/div><p><strong>10 SCHLUSSBESTIMMUNGEN UND ZUST\u00c4NDIGKEIT<\/strong><\/p><p><strong>10.1.<\/strong>\u00a0Die Vertragsseiten werden etwaige Streitigkeiten einvernehmlich und friedlich beilegen. Der Vertrag unterliegt ausschliesslich schweizerischem Recht. Der Gerichtsstand ist Z\u00fcrich.<\/p><p><strong>Prestige Villas Florida<\/strong><\/p>\t\t\t\t\t\t\t\t<\/div>\n\t\t\t\t<\/div>\n\t\t\t\t\t<\/div>\n\t\t<\/div>\n\t\t\t\t\t<\/div>\n\t\t<\/section>\n\t\t\t\t<\/div>\n\t\t","protected":false},"excerpt":{"rendered":"<p>Allgemeine Gesch\u00e4ftsbedingungen Terms &#038; Conditions ALLGEMEINES Prestige Villas Florida ist eine Vermittlungsagentur, die auf Vermietung von Privatvillen spezialisiert ist. Wir sind bestrebt, Dienstleistungen von h\u00f6chstm\u00f6glicher Qualit\u00e4t sicherzustellen und unseren G\u00e4sten den besten Service zu bieten. Bitte lesen Sie die nachfolgenden Allgemeinen Gesch\u00e4ftsbedingungen sorgf\u00e4ltig durch. Mit der Buchung der ausgew\u00e4hlten Villa, stimmen Sie bedingungslos diesen Allgemeinen [&hellip;]<\/p>\n","protected":false},"author":2,"featured_media":1357,"parent":0,"menu_order":0,"comment_status":"closed","ping_status":"closed","template":"","meta":{"_seopress_robots_primary_cat":"","_seopress_titles_title":"","_seopress_titles_desc":"","_seopress_robots_index":"","footnotes":""},"class_list":["post-1599","page","type-page","status-publish","has-post-thumbnail","hentry"],"_links":{"self":[{"href":"https:\/\/prestigevillas-florida.com\/de\/wp-json\/wp\/v2\/pages\/1599","targetHints":{"allow":["GET"]}}],"collection":[{"href":"https:\/\/prestigevillas-florida.com\/de\/wp-json\/wp\/v2\/pages"}],"about":[{"href":"https:\/\/prestigevillas-florida.com\/de\/wp-json\/wp\/v2\/types\/page"}],"author":[{"embeddable":true,"href":"https:\/\/prestigevillas-florida.com\/de\/wp-json\/wp\/v2\/users\/2"}],"replies":[{"embeddable":true,"href":"https:\/\/prestigevillas-florida.com\/de\/wp-json\/wp\/v2\/comments?post=1599"}],"version-history":[{"count":11,"href":"https:\/\/prestigevillas-florida.com\/de\/wp-json\/wp\/v2\/pages\/1599\/revisions"}],"predecessor-version":[{"id":3019,"href":"https:\/\/prestigevillas-florida.com\/de\/wp-json\/wp\/v2\/pages\/1599\/revisions\/3019"}],"wp:featuredmedia":[{"embeddable":true,"href":"https:\/\/prestigevillas-florida.com\/de\/wp-json\/wp\/v2\/media\/1357"}],"wp:attachment":[{"href":"https:\/\/prestigevillas-florida.com\/de\/wp-json\/wp\/v2\/media?parent=1599"}],"curies":[{"name":"wp","href":"https:\/\/api.w.org\/{rel}","templated":true}]}}